{"id":275,"date":"2014-02-21T10:50:12","date_gmt":"2014-02-21T09:50:12","guid":{"rendered":"http:\/\/musik-landkreis-fulda.de\/?page_id=275"},"modified":"2018-06-07T07:11:05","modified_gmt":"2018-06-07T05:11:05","slug":"musikalische-grundausbildung","status":"publish","type":"page","link":"https:\/\/www.musik-landkreis-fulda.de\/?page_id=275","title":{"rendered":"Musikalische Grundausbildung"},"content":{"rendered":"\n\t\t<style type=\"text\/css\">\n\t\t\t#gallery-1 {\n\t\t\t\tmargin: auto;\n\t\t\t}\n\t\t\t#gallery-1 .gallery-item {\n\t\t\t\tfloat: left;\n\t\t\t\tmargin-top: 10px;\n\t\t\t\ttext-align: center;\n\t\t\t\twidth: 33%;\n\t\t\t}\n\t\t\t#gallery-1 img {\n\t\t\t\tborder: 2px solid #cfcfcf;\n\t\t\t}\n\t\t\t#gallery-1 .gallery-caption {\n\t\t\t\tmargin-left: 0;\n\t\t\t}\n\t\t\t\/* see gallery_shortcode() in wp-includes\/media.php *\/\n\t\t<\/style>\n\t\t<div id='gallery-1' class='gallery galleryid-275 gallery-columns-3 gallery-size-thumbnail'><dl class='gallery-item'>\n\t\t\t<dt class='gallery-icon landscape'>\n\t\t\t\t<a href='https:\/\/www.musik-landkreis-fulda.de\/?attachment_id=211#main'><img loading=\"lazy\" decoding=\"async\" width=\"150\" height=\"150\" src=\"https:\/\/www.musik-landkreis-fulda.de\/web\/wp-content\/uploads\/2014\/02\/13-06-30-MS-Tag01-150x150.jpg\" class=\"attachment-thumbnail size-thumbnail\" alt=\"\" \/><\/a>\n\t\t\t<\/dt><\/dl><dl class='gallery-item'>\n\t\t\t<dt class='gallery-icon landscape'>\n\t\t\t\t<a href='https:\/\/www.musik-landkreis-fulda.de\/?attachment_id=174'><img loading=\"lazy\" decoding=\"async\" width=\"150\" height=\"150\" src=\"https:\/\/www.musik-landkreis-fulda.de\/web\/wp-content\/uploads\/2014\/02\/vhslkfd011-150x150.jpg\" class=\"attachment-thumbnail size-thumbnail\" alt=\"\" srcset=\"https:\/\/www.musik-landkreis-fulda.de\/web\/wp-content\/uploads\/2014\/02\/vhslkfd011-150x150.jpg 150w, https:\/\/www.musik-landkreis-fulda.de\/web\/wp-content\/uploads\/2014\/02\/vhslkfd011-300x300.jpg 300w, https:\/\/www.musik-landkreis-fulda.de\/web\/wp-content\/uploads\/2014\/02\/vhslkfd011-360x360.jpg 360w, https:\/\/www.musik-landkreis-fulda.de\/web\/wp-content\/uploads\/2014\/02\/vhslkfd011.jpg 500w\" sizes=\"auto, (max-width: 150px) 100vw, 150px\" \/><\/a>\n\t\t\t<\/dt><\/dl>\n\t\t\t<br style='clear: both' \/>\n\t\t<\/div>\n\n<p>&nbsp;<\/p>\n<p><span style=\"color: #000000;\">Die &#8222;Musikalische Grundausbildung&#8220; ist gedacht f\u00fcr schulpflichtige Kinder (1. und 2. Schuljahr), die bisher noch keinen Musikunterricht hatten oder die sich nach der &#8222;Musikalischen Fr\u00fcherziehung&#8220; noch nicht f\u00fcr ein Instrument entscheiden k\u00f6nnen.<\/span><\/p>\n<p align=\"left\"><span style=\"color: #000000;\">W\u00e4hrend der &#8222;Musikalischen Grundausbildung&#8220; wird den Teilnehmerinnen und Teilnehmern in \u00fcberschaubar kleinen Gruppen (ca. 10 Kinder) geholfen, die individuellen musikalischen F\u00e4higkeiten zu entdecken und weiterzuentwickeln. Die Sch\u00fclerinnen und Sch\u00fcler werden im Unterricht an alle Teilbereiche der Musik herangef\u00fchrt, so dass ihnen ein breites Fundament vermittelt wird, auf dem sp\u00e4ter jede Art von Instrumental- und Vokalunterricht aufbauen kann. Im Einzelnen unterscheidet die&#8220; Musikalische Grundausbildung&#8220; folgende Bereiche:<\/span><\/p>\n<p><span style=\"color: #000000;\">\u00a0&#8211; Singen und Sprechen<\/span><\/p>\n<p><span style=\"color: #000000;\">&#8211; Instrumentenbau und Instrumenteninformation<\/span><\/p>\n<p><span style=\"color: #000000;\">&#8211; Bewegung und Tanz<\/span><\/p>\n<p><span style=\"color: #000000;\">&#8211; elementares Instrumentenspiel (kein Instrumentalunterricht)<\/span><\/p>\n<p><span style=\"color: #000000;\">&#8211; Musikh\u00f6ren<\/span><\/p>\n<p><span style=\"color: #000000;\">&#8211; Erfahrungen mit Inhalten der Musiklehre.<\/span><\/p>\n<p><span style=\"color: #000000;\">\u00a0<\/span><\/p>\n<p><span style=\"color: #000000;\">Dem Entwicklungs- und Leistungsstand der Sch\u00fcler entsprechend liegt ein Schwerpunkt des Unterrichts im Bereich &#8222;Erfahrungen mit Inhalten der Musiklehre&#8220;.<\/span><\/p>\n<p><span style=\"color: #000000;\"><b>Wie lange dauert die &#8222;Musikalische Grundausbildung&#8220;? <\/b><\/span><\/p>\n<p><span style=\"color: #000000;\">Das Unterrichtsprogramm der &#8222;Musikalischen Grundausbildung&#8220; erstreckt sich in der Regel \u00fcber ein Jahr. Die Unterrichtszeit betr\u00e4gt w\u00f6chentlich 60 Minuten. In den Schulferien findet kein Unterricht statt.<\/span><\/p>\n<p><span style=\"color: #000000;\"><b>\u00a0Was k\u00f6nnen die Kinder am Ende der &#8222;Musikalischen Grundausbildung&#8220;? <\/b><\/span><\/p>\n<p><span style=\"color: #000000;\">&#8211; Die Kinder kennen verschiedene Notenwerte und ihre Bedeutung.<\/span><\/p>\n<p><span style=\"color: #000000;\">&#8211; Die Kinder sind mit dem traditionellen Notensystem vertraut und kennen<\/span><\/p>\n<p><span style=\"color: #000000;\">\u00a0 die Namen einiger Noten und deren Lage im Notensystem.<\/span><\/p>\n<p><span style=\"color: #000000;\">&#8211; Die Kinder haben ge\u00fcbt, ihnen bereits bekannte Noten auf Stabspielen<\/span><\/p>\n<p><span style=\"color: #000000;\">\u00a0 zu spielen.<\/span><\/p>\n<p><span style=\"color: #000000;\">&#8211; Die Kinder kennen die Instrumente des kleinen Schlagwerks (Triangel,<\/span><\/p>\n<p><span style=\"color: #000000;\">\u00a0 Handtrommel, Becken, usw.) und k\u00f6nnen mit ihnen umgehen.<\/span><\/p>\n<p><span style=\"color: #000000;\">&#8211; Den Kindern sind verschiedene Orchesterinstrumente vom Klang und<\/span><\/p>\n<p><span style=\"color: #000000;\">\u00a0 Namen her bekannt.<\/span><\/p>\n<p><span style=\"color: #000000;\">&#8211; Die Kinder haben verschiedene T\u00e4nze und Lieder gelernt.<\/span><\/p>\n<p><span style=\"color: #000000;\">&#8211; Die Kinder haben ge\u00fcbt, Musikst\u00fccken bewusst zuzuh\u00f6ren und \u00fcber das<\/span><\/p>\n<p><span style=\"color: #000000;\">\u00a0 Geh\u00f6rte zu sprechen.<\/span><\/p>\n<p><span style=\"color: #000000;\">\u00a0<\/span><\/p>\n<p><span style=\"color: #000000;\">Dar\u00fcber hinaus gibt es weitere, nicht direkt&#8220; messbare&#8220; Lernfortschritte. Die Sch\u00fcler gelangen zu einer offenen, vorurteilsfreien Haltung gegen\u00fcber jeder Art von Musik.<\/span><\/p>\n<p><span style=\"color: #000000;\"><b>\u00a0<\/b><\/span><\/p>\n<p><span style=\"color: #000000;\"><b>Was kommt au\u00dfer den monatlichen Geb\u00fchren an Kosten auf die <\/b><\/span><\/p>\n<p><span style=\"color: #000000;\"><b>Eltern zu? <\/b><\/span><\/p>\n<p><span style=\"color: #000000;\">Die H\u00f6he des monatlichen Schulgeldes entnehmen Sie bitte beigef\u00fcgter Musikschulordnung. Zus\u00e4tzlich zu diesen Geb\u00fchren k\u00f6nnen weitere Ausgaben hinzukommen.<\/span><\/p>\n<p><span style=\"color: #000000;\">In der Regel ben\u00f6tigen die Kinder einen Zeichenblock und Stifte. Viele Lehrkr\u00e4fte unterrichten nach festen Grundausbildungsprogrammen, die spezielles Unterrichtsmaterial vorsehen. Dieses m\u00fcsste dann ebenfalls erworben werden. Der Preis hierf\u00fcr betr\u00e4gt ca. 40 \u20ac, verteilt \u00fcber die gesamte Unterrichtszeit. Was genau ben\u00f6tigt wird, kl\u00e4rt die betreffende Lehrkraft selbst mit den Eltern der Gruppe.<\/span><\/p>\n<p><span style=\"color: #000000;\">\u00a0<\/span><\/p>\n<p><span style=\"color: #000000;\">\u00a0<b>Wo und wann findet der Unterricht statt? <\/b><\/span><\/p>\n<p><span style=\"color: #000000;\">Der Unterricht kann an allen Orten des Landkreises Fulda durchgef\u00fchrt werden, sobald sich mindestens acht Kinder zusammen finden. In der Regel findet der Kurs in den Schulen statt. Im Einvernehmen mit den Gemeinden und den Leiterinnen der Kinderg\u00e4rten kann der Unterricht auch in den R\u00e4umen des Kindergartens oder anderen gemeindeeigenen R\u00e4umen erteilt werden.<\/span><\/p>\n<p><span style=\"color: #000000;\">Neue Unterrichte starten jeweils am 1.1. bzw. 1.8. eines Jahres.<\/span><\/p>\n<p><span style=\"color: #000000;\"><b>\u00a0<\/b><\/span><\/p>\n<p><strong><span style=\"color: #000000;\">Wie und wo kann ich mich anmelden?<\/span><\/strong><\/p>\n<p><span style=\"color: #000000;\">Zur Anmeldung nutzen Sie bitte das hier verf\u00fcgbare Formular. Senden Sie dieses vollst\u00e4ndig ausgef\u00fcllt an die Gesch\u00e4ftsstelle der Volkshochschule des Landkreises Fulda, W\u00f6rthstr. 15, 36037 Fulda.<\/span><\/p>\n<p><span style=\"color: #000000;\">Mit Ihrer Anmeldung akzeptieren Sie die Musikschulordnung als rechtliche Grundlage des Unterrichtsverh\u00e4ltnisses.\u00a0<\/span><\/p>\n<p><span style=\"color: #000000;\">\u00a0<\/span><\/p>\n<p><span style=\"color: #000000;\">Anmeldeschluss ist<\/span><\/p>\n<p><span style=\"color: #000000;\">der 15.5. f\u00fcr Unterrichte, die am 1.8. beginnen und<\/span><\/p>\n<p><span style=\"color: #000000;\">der 15.10. f\u00fcr Unterrichte, die am 1.1. beginnen.<\/span><\/p>\n<p><span style=\"color: #000000;\"><b>\u00a0<\/b><\/span><span style=\"color: #000000;\"><br \/>\n<\/span><\/p>\n<p><strong><span style=\"color: #000000;\">Abmeldung<\/span><\/strong><\/p>\n<p><span style=\"color: #000000;\">Abmeldungen sind jeweils zum 31.7. oder 31.12. eines Jahres (schriftlich mit der Frist von einem Monat) m\u00f6glich.<\/span><\/p>\n","protected":false},"excerpt":{"rendered":"<p>&nbsp; Die &#8222;Musikalische Grundausbildung&#8220; ist gedacht f\u00fcr schulpflichtige Kinder (1. und 2. Schuljahr), die bisher noch keinen Musikunterricht hatten oder die sich nach der &#8222;Musikalischen Fr\u00fcherziehung&#8220; noch nicht f\u00fcr ein Instrument entscheiden k\u00f6nnen. W\u00e4hrend der &#8222;Musikalischen Grundausbildung&#8220; wird den Teilnehmerinnen und Teilnehmern in \u00fcberschaubar kleinen Gruppen (ca. 10 Kinder) geholfen, die individuellen musikalischen F\u00e4higkeiten zu [&hellip;]<\/p>\n","protected":false},"author":1,"featured_media":0,"parent":0,"menu_order":0,"comment_status":"closed","ping_status":"closed","template":"","meta":{"footnotes":""},"class_list":["post-275","page","type-page","status-publish","hentry"],"_links":{"self":[{"href":"https:\/\/www.musik-landkreis-fulda.de\/index.php?rest_route=\/wp\/v2\/pages\/275","targetHints":{"allow":["GET"]}}],"collection":[{"href":"https:\/\/www.musik-landkreis-fulda.de\/index.php?rest_route=\/wp\/v2\/pages"}],"about":[{"href":"https:\/\/www.musik-landkreis-fulda.de\/index.php?rest_route=\/wp\/v2\/types\/page"}],"author":[{"embeddable":true,"href":"https:\/\/www.musik-landkreis-fulda.de\/index.php?rest_route=\/wp\/v2\/users\/1"}],"replies":[{"embeddable":true,"href":"https:\/\/www.musik-landkreis-fulda.de\/index.php?rest_route=%2Fwp%2Fv2%2Fcomments&post=275"}],"version-history":[{"count":0,"href":"https:\/\/www.musik-landkreis-fulda.de\/index.php?rest_route=\/wp\/v2\/pages\/275\/revisions"}],"wp:attachment":[{"href":"https:\/\/www.musik-landkreis-fulda.de\/index.php?rest_route=%2Fwp%2Fv2%2Fmedia&parent=275"}],"curies":[{"name":"wp","href":"https:\/\/api.w.org\/{rel}","templated":true}]}}